{"id":1551,"date":"2025-05-29T08:20:05","date_gmt":"2025-05-29T06:20:05","guid":{"rendered":"https:\/\/topoz.pl\/?page_id=1551"},"modified":"2025-05-29T09:45:21","modified_gmt":"2025-05-29T07:45:21","slug":"polityka-prywatnosci","status":"publish","type":"page","link":"https:\/\/topoz.pl\/?page_id=1551","title":{"rendered":"Polityka prywatno\u015bci"},"content":{"rendered":"<p>[et_pb_section fb_built=&#8221;1&#8243; admin_label=&#8221;Services&#8221; _builder_version=&#8221;4.22.1&#8243; background_color=&#8221;#000000&#8243; use_background_color_gradient=&#8221;on&#8221; background_color_gradient_stops=&#8221;#000000 50%|rgba(193,0,25,0.87) 100%&#8221; custom_margin=&#8221;-67px|||||&#8221; custom_padding=&#8221;54px|0px|0|0px|false|false&#8221; locked=&#8221;off&#8221; global_colors_info=&#8221;{}&#8221;][et_pb_row _builder_version=&#8221;4.22.1&#8243; _module_preset=&#8221;default&#8221; global_colors_info=&#8221;{}&#8221;][et_pb_column type=&#8221;4_4&#8243; _builder_version=&#8221;4.22.1&#8243; _module_preset=&#8221;default&#8221; global_colors_info=&#8221;{}&#8221;][et_pb_text _builder_version=&#8221;4.22.1&#8243; _module_preset=&#8221;default&#8221; text_text_color=&#8221;#fff6e2&#8243; header_text_color=&#8221;#E09900&#8243; header_2_text_color=&#8221;#ffeb8c&#8221; global_colors_info=&#8221;{}&#8221;]<\/p>\n<h1 data-start=\"309\" data-end=\"335\"><strong data-start=\"311\" data-end=\"335\">Polityka Prywatno\u015bci<\/strong><\/h1>\n<h2 data-start=\"337\" data-end=\"363\">1. Postanowienia og\u00f3lne<\/h2>\n<ol data-start=\"365\" data-end=\"1062\">\n<li data-start=\"365\" data-end=\"566\">\n<p data-start=\"368\" data-end=\"566\">Niniejsza Polityka Prywatno\u015bci okre\u015bla zasady przetwarzania danych osobowych oraz wykorzystywania plik\u00f3w cookies na stronie internetowej dost\u0119pnej pod adresem: www.topoz.pl.<\/p>\n<\/li>\n<li data-start=\"567\" data-end=\"863\">\n<p data-start=\"570\" data-end=\"863\">Administratorem danych osobowych jest:<br data-start=\"608\" data-end=\"611\" \/><strong data-start=\"614\" data-end=\"651\">Top Technology Topo\u017c Grzegorz Go\u015bciej<\/strong>,<br data-start=\"652\" data-end=\"655\" \/>z siedzib\u0105: <strong data-start=\"670\" data-end=\"727\">ul. Garwoli\u0144ska 41, 08-412 Borowie<\/strong>,<br data-start=\"728\" data-end=\"731\" \/>NIP: <em>8261477828<\/em><br data-start=\"783\" data-end=\"786\" \/>e-mail kontaktowy: topoz@topoz.pl,<br data-start=\"827\" data-end=\"830\" \/>zwany dalej \u201eAdministratorem\u201d.<\/p>\n<\/li>\n<li data-start=\"864\" data-end=\"1062\">\n<p data-start=\"867\" data-end=\"1062\">Administrator przestrzega obowi\u0105zuj\u0105cych przepis\u00f3w prawa w zakresie ochrony danych osobowych, w tym Rozporz\u0105dzenia Parlamentu Europejskiego i Rady (UE) 2016\/679 z dnia 27 kwietnia 2016 r. (RODO).<\/p>\n<\/li>\n<\/ol>\n<hr data-start=\"1064\" data-end=\"1067\" \/>\n<h2 data-start=\"1069\" data-end=\"1102\">2. Zakres przetwarzania danych<\/h2>\n<ol data-start=\"1104\" data-end=\"1600\">\n<li data-start=\"1104\" data-end=\"1367\">\n<p data-start=\"1107\" data-end=\"1167\">Administrator przetwarza dane osobowe u\u017cytkownik\u00f3w w celach:<\/p>\n<ul data-start=\"1171\" data-end=\"1367\">\n<li data-start=\"1171\" data-end=\"1212\">\n<p data-start=\"1173\" data-end=\"1212\">realizacji us\u0142ug dost\u0119pnych na stronie,<\/p>\n<\/li>\n<li data-start=\"1216\" data-end=\"1251\">\n<p data-start=\"1218\" data-end=\"1251\">obs\u0142ugi zapyta\u0144 i korespondencji,<\/p>\n<\/li>\n<li data-start=\"1255\" data-end=\"1329\">\n<p data-start=\"1257\" data-end=\"1329\">marketingu w\u0142asnych us\u0142ug (na podstawie prawnie uzasadnionego interesu),<\/p>\n<\/li>\n<li data-start=\"1333\" data-end=\"1367\">\n<p data-start=\"1335\" data-end=\"1367\">wype\u0142niania obowi\u0105zk\u00f3w prawnych.<\/p>\n<\/li>\n<li data-start=\"1333\" data-end=\"1367\">\n<p>Udzielanie odpowiedzi na zapytania przes\u0142ane za po\u015brednictwem formularza kontaktowego lub bezpo\u015brednio na adres e-mail.<\/p>\n<\/li>\n<li data-start=\"1333\" data-end=\"1367\">\n<p>Przygotowywanie ofert handlowych i technicznych na \u017c\u0105danie u\u017cytkownika.<\/p>\n<\/li>\n<li data-start=\"1333\" data-end=\"1367\">\n<p>Realizacja us\u0142ug w zakresie realizacji us\u0142ug przegl\u0105d\u00f3w technicznych, przegl\u0105d\u00f3w ppo\u017c, us\u0142ug ppo\u017c, us\u0142ug BHP oraz obs\u0142ugi i sprzeda\u017cy ubezpiecze\u0144.<\/p>\n<\/li>\n<li data-start=\"1333\" data-end=\"1367\">\n<p>Prowadzenie korespondencji zwi\u0105zanej z realizacj\u0105 us\u0142ug.<\/p>\n<\/li>\n<\/ul>\n<\/li>\n<li data-start=\"1368\" data-end=\"1530\">\n<p data-start=\"1371\" data-end=\"1530\">Dane mog\u0105 obejmowa\u0107: imi\u0119, nazwisko, adres e-mail, numer telefonu, adres IP, dane zawarte w przesy\u0142anych formularzach kontaktowych lub zapisach do newslettera.<\/p>\n<\/li>\n<li data-start=\"1531\" data-end=\"1600\">\n<p data-start=\"1534\" data-end=\"1600\">Podanie danych jest dobrowolne, ale niezb\u0119dne do realizacji us\u0142ug.<\/p>\n<\/li>\n<\/ol>\n<hr data-start=\"1602\" data-end=\"1605\" \/>\n<h2 data-start=\"1607\" data-end=\"1649\">3. Podstawy prawne przetwarzania danych<\/h2>\n<p data-start=\"1651\" data-end=\"1702\">Administrator przetwarza dane osobowe na podstawie:<\/p>\n<ul data-start=\"1703\" data-end=\"1982\">\n<li data-start=\"1703\" data-end=\"1766\">\n<p data-start=\"1705\" data-end=\"1766\">art. 6 ust. 1 lit. a RODO \u2013 zgoda osoby, kt\u00f3rej dane dotycz\u0105,<\/p>\n<\/li>\n<li data-start=\"1767\" data-end=\"1860\">\n<p data-start=\"1769\" data-end=\"1860\">art. 6 ust. 1 lit. b RODO \u2013 wykonanie umowy lub dzia\u0142ania na \u017c\u0105danie przed zawarciem umowy,<\/p>\n<\/li>\n<li data-start=\"1861\" data-end=\"1908\">\n<p data-start=\"1863\" data-end=\"1908\">art. 6 ust. 1 lit. c RODO \u2013 obowi\u0105zek prawny,<\/p>\n<\/li>\n<li data-start=\"1909\" data-end=\"1982\">\n<p data-start=\"1911\" data-end=\"1982\">art. 6 ust. 1 lit. f RODO \u2013 prawnie uzasadniony interes Administratora.<\/p>\n<\/li>\n<\/ul>\n<hr data-start=\"1984\" data-end=\"1987\" \/>\n<h2 data-start=\"1989\" data-end=\"2010\">4. Odbiorcy danych<\/h2>\n<ol data-start=\"2012\" data-end=\"2399\">\n<li data-start=\"2012\" data-end=\"2260\">\n<p data-start=\"2015\" data-end=\"2050\">Dane osobowe mog\u0105 by\u0107 udost\u0119pniane:<\/p>\n<ul data-start=\"2054\" data-end=\"2260\">\n<li data-start=\"2054\" data-end=\"2123\">\n<p data-start=\"2056\" data-end=\"2123\">podmiotom wspieraj\u0105cym obs\u0142ug\u0119 techniczn\u0105 strony (np. hosting, IT),<\/p>\n<\/li>\n<li data-start=\"2127\" data-end=\"2185\">\n<p data-start=\"2129\" data-end=\"2185\">operatorom p\u0142atno\u015bci, firmom kurierskim (je\u015bli dotyczy),<\/p>\n<\/li>\n<li data-start=\"2189\" data-end=\"2260\">\n<p data-start=\"2191\" data-end=\"2260\">kancelariom prawnym, je\u015bli jest to niezb\u0119dne do dochodzenia roszcze\u0144.<\/p>\n<\/li>\n<\/ul>\n<\/li>\n<li data-start=\"2261\" data-end=\"2399\">\n<p data-start=\"2264\" data-end=\"2399\">Dane nie s\u0105 przekazywane poza Europejski Obszar Gospodarczy (EOG), chyba \u017ce zostan\u0105 spe\u0142nione odpowiednie zabezpieczenia zgodne z RODO.<\/p>\n<\/li>\n<\/ol>\n<hr data-start=\"2401\" data-end=\"2404\" \/>\n<h2 data-start=\"2406\" data-end=\"2429\">5. Prawa u\u017cytkownika<\/h2>\n<p data-start=\"2431\" data-end=\"2460\">Ka\u017cdy u\u017cytkownik ma prawo do:<\/p>\n<ul data-start=\"2461\" data-end=\"2694\">\n<li data-start=\"2461\" data-end=\"2488\">\n<p data-start=\"2463\" data-end=\"2488\">dost\u0119pu do swoich danych,<\/p>\n<\/li>\n<li data-start=\"2489\" data-end=\"2511\">\n<p data-start=\"2491\" data-end=\"2511\">sprostowania danych,<\/p>\n<\/li>\n<li data-start=\"2512\" data-end=\"2562\">\n<p data-start=\"2514\" data-end=\"2562\">usuni\u0119cia danych (\u201eprawo do bycia zapomnianym\u201d),<\/p>\n<\/li>\n<li data-start=\"2563\" data-end=\"2592\">\n<p data-start=\"2565\" data-end=\"2592\">ograniczenia przetwarzania,<\/p>\n<\/li>\n<li data-start=\"2593\" data-end=\"2615\">\n<p data-start=\"2595\" data-end=\"2615\">przenoszenia danych,<\/p>\n<\/li>\n<li data-start=\"2616\" data-end=\"2655\">\n<p data-start=\"2618\" data-end=\"2655\">sprzeciwu wobec przetwarzania danych,<\/p>\n<\/li>\n<li data-start=\"2656\" data-end=\"2694\">\n<p data-start=\"2658\" data-end=\"2694\">cofni\u0119cia zgody w dowolnym momencie.<\/p>\n<\/li>\n<\/ul>\n<p data-start=\"2696\" data-end=\"2777\">W celu realizacji tych praw prosimy o kontakt: <a href=\"mailto:topoz@topoz.pl\">topoz@topoz.pl<\/a> .<\/p>\n<hr data-start=\"2779\" data-end=\"2782\" \/>\n<h2 data-start=\"2784\" data-end=\"2817\">6. Okres przechowywania danych<\/h2>\n<p data-start=\"2819\" data-end=\"2850\">Dane osobowe b\u0119d\u0105 przetwarzane:<\/p>\n<ul data-start=\"2851\" data-end=\"3057\">\n<li data-start=\"2851\" data-end=\"2918\">\n<p data-start=\"2853\" data-end=\"2918\">przez czas niezb\u0119dny do realizacji celu, w jakim zosta\u0142y zebrane,<\/p>\n<\/li>\n<li data-start=\"2919\" data-end=\"2988\">\n<p data-start=\"2921\" data-end=\"2988\">do czasu cofni\u0119cia zgody (je\u015bli podstaw\u0105 przetwarzania by\u0142a zgoda),<\/p>\n<\/li>\n<li data-start=\"2989\" data-end=\"3057\">\n<p data-start=\"2991\" data-end=\"3057\">przez okres wymagany przepisami prawa (np. rachunkowo\u015b\u0107, podatki).<\/p>\n<\/li>\n<\/ul>\n<hr data-start=\"3059\" data-end=\"3062\" \/>\n<h2 data-start=\"3064\" data-end=\"3083\">7. Pliki cookies<\/h2>\n<ol data-start=\"3085\" data-end=\"3436\">\n<li data-start=\"3085\" data-end=\"3267\">\n<p data-start=\"3088\" data-end=\"3142\">Strona wykorzystuje pliki cookies (ciasteczka) w celu:<\/p>\n<ul data-start=\"3146\" data-end=\"3267\">\n<li data-start=\"3146\" data-end=\"3191\">\n<p data-start=\"3148\" data-end=\"3191\">zapewnienia prawid\u0142owego dzia\u0142ania serwisu,<\/p>\n<\/li>\n<li data-start=\"3195\" data-end=\"3238\">\n<p data-start=\"3197\" data-end=\"3238\">analizy statystyk (np. Google Analytics),<\/p>\n<\/li>\n<li data-start=\"3242\" data-end=\"3267\">\n<p data-start=\"3244\" data-end=\"3267\">dzia\u0142a\u0144 marketingowych.<\/p>\n<\/li>\n<\/ul>\n<\/li>\n<li data-start=\"3268\" data-end=\"3316\">\n<p data-start=\"3271\" data-end=\"3316\">Pliki cookies nie zawieraj\u0105 danych osobowych.<\/p>\n<\/li>\n<li data-start=\"3317\" data-end=\"3436\">\n<p data-start=\"3320\" data-end=\"3436\">U\u017cytkownik mo\u017ce w ka\u017cdej chwili zmieni\u0107 ustawienia swojej przegl\u0105darki dotycz\u0105ce cookies lub je ca\u0142kowicie wy\u0142\u0105czy\u0107.<\/p>\n<\/li>\n<\/ol>\n<hr data-start=\"3438\" data-end=\"3441\" \/>\n<h2 data-start=\"3443\" data-end=\"3470\">8. Bezpiecze\u0144stwo danych<\/h2>\n<p data-start=\"3472\" data-end=\"3641\">Administrator stosuje \u015brodki techniczne i organizacyjne zapewniaj\u0105ce ochron\u0119 danych osobowych odpowiedni\u0105 do zagro\u017ce\u0144 i kategorii danych, zgodnie z obowi\u0105zuj\u0105cym prawem.<\/p>\n<hr data-start=\"3643\" data-end=\"3646\" \/>\n<h2 data-start=\"3648\" data-end=\"3683\">9. Zmiany w Polityce Prywatno\u015bci<\/h2>\n<p data-start=\"3685\" data-end=\"3864\">Polityka mo\u017ce by\u0107 aktualizowana. O istotnych zmianach u\u017cytkownicy zostan\u0105 poinformowani na stronie internetowej. Zalecamy regularne zapoznawanie si\u0119 z tre\u015bci\u0105 niniejszej polityki.<\/p>\n<hr data-start=\"3866\" data-end=\"3869\" \/>\n<h2 data-start=\"3871\" data-end=\"3885\">10. Kontakt<\/h2>\n<p data-start=\"3887\" data-end=\"4046\">W sprawach zwi\u0105zanych z ochron\u0105 danych osobowych prosimy o kontakt:<br data-start=\"3954\" data-end=\"3957\" \/><b>Top Technology Topo\u017c Grzegorz Go\u015bciej, ul. Garwoli\u0144ska 41, 08-412 Borowie,<\/b><br data-start=\"4017\" data-end=\"4020\" \/>E-mail: <strong data-start=\"4028\" data-end=\"4046\">topoz@topoz.pl<\/strong><\/p>\n<p>[\/et_pb_text][\/et_pb_column][\/et_pb_row][\/et_pb_section]<\/p>\n","protected":false},"excerpt":{"rendered":"<p>Polityka Prywatno\u015bci 1. Postanowienia og\u00f3lne Niniejsza Polityka Prywatno\u015bci okre\u015bla zasady przetwarzania danych osobowych oraz wykorzystywania plik\u00f3w cookies na stronie internetowej dost\u0119pnej pod adresem: www.topoz.pl. Administratorem danych osobowych jest:Top Technology Topo\u017c Grzegorz Go\u015bciej,z siedzib\u0105: ul. Garwoli\u0144ska 41, 08-412 Borowie,NIP: 8261477828e-mail kontaktowy: topoz@topoz.pl,zwany dalej \u201eAdministratorem\u201d. Administrator przestrzega obowi\u0105zuj\u0105cych przepis\u00f3w prawa w zakresie ochrony danych osobowych, w tym [&hellip;]<\/p>\n","protected":false},"author":2,"featured_media":0,"parent":1453,"menu_order":0,"comment_status":"closed","ping_status":"closed","template":"","meta":{"_et_pb_use_builder":"on","_et_pb_old_content":"<!-- wp:heading -->\n<h2 class=\"wp-block-heading\">Kim jeste\u015bmy<\/h2>\n<!-- \/wp:heading -->\n<!-- wp:paragraph -->\n<p><strong class=\"privacy-policy-tutorial\">Sugerowany tekst: <\/strong>Adres naszej strony internetowej to: https:\/\/topoz.pl.<\/p>\n<!-- \/wp:paragraph -->\n<!-- wp:heading -->\n<h2 class=\"wp-block-heading\">Komentarze<\/h2>\n<!-- \/wp:heading -->\n<!-- wp:paragraph -->\n<p><strong class=\"privacy-policy-tutorial\">Sugerowany tekst: <\/strong>Kiedy odwiedzaj\u0105cy witryn\u0119 zostawia komentarz, zbieramy dane widoczne w formularzu komentowania, jak i adres IP odwiedzaj\u0105cego oraz podpis jego przegl\u0105darki jako pomoc przy wykrywaniu spamu.<\/p>\n<!-- \/wp:paragraph -->\n<!-- wp:paragraph -->\n<p>Anonimizowany ci\u0105g znak\u00f3w utworzony z twojego adresu e-mail (zwany te\u017c hashem) mo\u017ce zosta\u0107 przes\u0142any do us\u0142ugi Gravatar w celu sprawdzenia czy jest u\u017cywany. Polityka prywatno\u015bci us\u0142ugi Gravatar jest dost\u0119pna pod adresem: https:\/\/automattic.com\/privacy\/. Po zatwierdzeniu komentarza tw\u00f3j obrazek profilowy jest widoczny publicznie w kontek\u015bcie twojego komentarza.<\/p>\n<!-- \/wp:paragraph -->\n<!-- wp:heading -->\n<h2 class=\"wp-block-heading\">Media<\/h2>\n<!-- \/wp:heading -->\n<!-- wp:paragraph -->\n<p><strong class=\"privacy-policy-tutorial\">Sugerowany tekst: <\/strong>Je\u015bli jeste\u015b zarejestrowanym u\u017cytkownikiem i wgrywasz na witryn\u0119 obrazki, powiniene\u015b unika\u0107 przesy\u0142ania obrazk\u00f3w z tagami EXIF lokalizacji. Odwiedzaj\u0105cy stron\u0119 mog\u0105 pobra\u0107 i odczyta\u0107 pe\u0142ne dane lokalizacyjne z obrazk\u00f3w w witrynie.<\/p>\n<!-- \/wp:paragraph -->\n<!-- wp:heading -->\n<h2 class=\"wp-block-heading\">Ciasteczka<\/h2>\n<!-- \/wp:heading -->\n<!-- wp:paragraph -->\n<p><strong class=\"privacy-policy-tutorial\">Sugerowany tekst: <\/strong>Je\u015bli skomentujesz co\u015b w witrynie, b\u0119dzie mo\u017cna wybra\u0107 opcj\u0119 zapisu nazwy, adresu e-mail i witryny internetowej w ciasteczkach, dzi\u0119ki kt\u00f3rym podczas pisania kolejnych komentarzy powy\u017csze informacje b\u0119d\u0105 ju\u017c dogodnie uzupe\u0142nione. Ciasteczka wygasaj\u0105 po roku.<\/p>\n<!-- \/wp:paragraph -->\n<!-- wp:paragraph -->\n<p>Je\u015bli odwiedzisz stron\u0119 logowania, utworzymy tymczasowe ciasteczko na potrzeby sprawdzenia czy twoja przegl\u0105darka akceptuje ciasteczka. Nie zawiera ono \u017cadnych danych osobistych i zostanie usuni\u0119te, kiedy przegl\u0105darka zostanie zamkni\u0119ta.<\/p>\n<!-- \/wp:paragraph -->\n<!-- wp:paragraph -->\n<p>Podczas logowania tworzymy dodatkowo kilka ciasteczek potrzebnych do zapisu twoich informacji logowania oraz wybranych opcji ekranu. Ciasteczka logowania wygasaj\u0105 po dw\u00f3ch dniach, a opcji ekranu po roku. Je\u015bli zaznaczysz opcj\u0119 &bdquo;Pami\u0119taj mnie&rdquo;, logowanie wyga\u015bnie po dw\u00f3ch tygodniach. Je\u015bli wylogujesz si\u0119 ze swojego konta, ciasteczka logowania zostan\u0105 usuni\u0119te.<\/p>\n<!-- \/wp:paragraph -->\n<!-- wp:paragraph -->\n<p>Je\u015bli zmodyfikujesz albo opublikujesz artyku\u0142, w twojej przegl\u0105darce zostanie zapisane dodatkowe ciasteczko. To ciasteczko nie zawiera \u017cadnych danych osobistych, wskazuj\u0105c po prostu na identyfikator przed chwil\u0105 edytowanego artyku\u0142u. Wygasa ono po 1 dniu.<\/p>\n<!-- \/wp:paragraph -->\n<!-- wp:heading -->\n<h2 class=\"wp-block-heading\">Osadzone tre\u015bci z innych witryn<\/h2>\n<!-- \/wp:heading -->\n<!-- wp:paragraph -->\n<p><strong class=\"privacy-policy-tutorial\">Sugerowany tekst: <\/strong>Artyku\u0142y na tej witrynie mog\u0105 zawiera\u0107 osadzone tre\u015bci (np. filmy, obrazki, artyku\u0142y itp.). Osadzone tre\u015bci z innych witryn zachowuj\u0105 si\u0119 analogicznie do tego, jakby u\u017cytkownik odwiedzi\u0142 bezpo\u015brednio konkretn\u0105 witryn\u0119.<\/p>\n<!-- \/wp:paragraph -->\n<!-- wp:paragraph -->\n<p>Witryny mog\u0105 zbiera\u0107 informacje o tobie, u\u017cywa\u0107 ciasteczek, do\u0142\u0105cza\u0107 dodatkowe, zewn\u0119trzne systemy \u015bledzenia i monitorowa\u0107 twoje interakcje z osadzonym materia\u0142em, w\u0142\u0105czaj\u0105c w to \u015bledzenie twoich interakcji z osadzonym materia\u0142em je\u015bli posiadasz konto i jeste\u015b zalogowany w tamtej witrynie.<\/p>\n<!-- \/wp:paragraph -->\n<!-- wp:heading -->\n<h2 class=\"wp-block-heading\">Z kim dzielimy si\u0119 danymi<\/h2>\n<!-- \/wp:heading -->\n<!-- wp:paragraph -->\n<p><strong class=\"privacy-policy-tutorial\">Sugerowany tekst: <\/strong>Je\u015bli za\u017c\u0105dasz zresetowania has\u0142a, tw\u00f3j adres IP zostanie do\u0142\u0105czony do wysy\u0142anej wiadomo\u015bci.<\/p>\n<!-- \/wp:paragraph -->\n<!-- wp:heading -->\n<h2 class=\"wp-block-heading\">Jak d\u0142ugo przechowujemy twoje dane<\/h2>\n<!-- \/wp:heading -->\n<!-- wp:paragraph -->\n<p><strong class=\"privacy-policy-tutorial\">Sugerowany tekst: <\/strong>Je\u015bli zostawisz komentarz, jego tre\u015b\u0107 i metadane b\u0119d\u0105 przechowywane przez czas nieokre\u015blony. Dzi\u0119ki temu jeste\u015bmy w stanie rozpoznawa\u0107 i zatwierdza\u0107 kolejne komentarze automatycznie, bez wysy\u0142ania ich do ka\u017cdorazowej moderacji.<\/p>\n<!-- \/wp:paragraph -->\n<!-- wp:paragraph -->\n<p>Dla u\u017cytkownik\u00f3w kt\u00f3rzy zarejestrowali si\u0119 na naszej stronie internetowej (je\u015bli tacy s\u0105), przechowujemy r\u00f3wnie\u017c informacje osobiste wprowadzone w profilu. Ka\u017cdy u\u017cytkownik mo\u017ce dokona\u0107 wgl\u0105du, korekty albo skasowa\u0107 swoje informacje osobiste w dowolnej chwili (nie licz\u0105c nazwy u\u017cytkownika, kt\u00f3rej nie mo\u017cna zmieni\u0107). Administratorzy strony r\u00f3wnie\u017c mog\u0105 przegl\u0105da\u0107 i modyfikowa\u0107 te informacje.<\/p>\n<!-- \/wp:paragraph -->\n<!-- wp:heading -->\n<h2 class=\"wp-block-heading\">Jakie masz prawa do swoich danych<\/h2>\n<!-- \/wp:heading -->\n<!-- wp:paragraph -->\n<p><strong class=\"privacy-policy-tutorial\">Sugerowany tekst: <\/strong>Je\u015bli masz konto u\u017cytkownika albo doda\u0142e\u015b komentarze w tej witrynie, mo\u017cesz za\u017c\u0105da\u0107 dostarczenia pliku z wyeksportowanym kompletem twoich danych osobistych b\u0119d\u0105cych w naszym posiadaniu, w tym ca\u0142o\u015b\u0107 tych dostarczonych przez ciebie. Mo\u017cesz r\u00f3wnie\u017c za\u017c\u0105da\u0107 usuni\u0119cia przez nas ca\u0142o\u015bci twoich danych osobistych w naszym posiadaniu. Nie dotyczy to \u017cadnych danych kt\u00f3re jeste\u015bmy zobligowani zachowa\u0107 ze wzgl\u0119d\u00f3w administracyjnych, prawnych albo bezpiecze\u0144stwa.<\/p>\n<!-- \/wp:paragraph -->\n<!-- wp:heading -->\n<h2 class=\"wp-block-heading\">Gdzie wys\u0142amy twoje dane<\/h2>\n<!-- \/wp:heading -->\n<!-- wp:paragraph -->\n<p><strong class=\"privacy-policy-tutorial\">Sugerowany tekst: <\/strong>Komentarze go\u015bci mog\u0105 by\u0107 sprawdzane za pomoc\u0105 automatycznej us\u0142ugi wykrywania spamu.<\/p>\n<!-- \/wp:paragraph -->\n","_et_gb_content_width":"","footnotes":""},"class_list":["post-1551","page","type-page","status-publish","hentry"],"_links":{"self":[{"href":"https:\/\/topoz.pl\/index.php?rest_route=\/wp\/v2\/pages\/1551","targetHints":{"allow":["GET"]}}],"collection":[{"href":"https:\/\/topoz.pl\/index.php?rest_route=\/wp\/v2\/pages"}],"about":[{"href":"https:\/\/topoz.pl\/index.php?rest_route=\/wp\/v2\/types\/page"}],"author":[{"embeddable":true,"href":"https:\/\/topoz.pl\/index.php?rest_route=\/wp\/v2\/users\/2"}],"replies":[{"embeddable":true,"href":"https:\/\/topoz.pl\/index.php?rest_route=%2Fwp%2Fv2%2Fcomments&post=1551"}],"version-history":[{"count":3,"href":"https:\/\/topoz.pl\/index.php?rest_route=\/wp\/v2\/pages\/1551\/revisions"}],"predecessor-version":[{"id":1554,"href":"https:\/\/topoz.pl\/index.php?rest_route=\/wp\/v2\/pages\/1551\/revisions\/1554"}],"up":[{"embeddable":true,"href":"https:\/\/topoz.pl\/index.php?rest_route=\/wp\/v2\/pages\/1453"}],"wp:attachment":[{"href":"https:\/\/topoz.pl\/index.php?rest_route=%2Fwp%2Fv2%2Fmedia&parent=1551"}],"curies":[{"name":"wp","href":"https:\/\/api.w.org\/{rel}","templated":true}]}}